{"id":18,"date":"2013-07-19T20:57:59","date_gmt":"2013-07-19T23:57:59","guid":{"rendered":"http:\/\/www.pereiraadv.com.br\/index.php\/links-uteis\/"},"modified":"2021-09-02T17:04:02","modified_gmt":"2021-09-02T20:04:02","slug":"links-uteis","status":"publish","type":"page","link":"https:\/\/www.pereiraadv.com.br\/index.php\/links-uteis\/","title":{"rendered":"Links \u00dateis"},"content":{"rendered":"<h1>&nbsp;<\/h1>\n<p><span class=\"t_categ_link\" style=\"width: 300px; height: 28px; padding-left: 25px; background-image: url('templates\/meembo-blue\/images\/icon-link.jpg'); font-weight: bold; font-size: 14px; line-height: normal; font-family: arial; color: #3f586c; float: left; clear: both; left: 75px; position: relative; margin-top: 0px; background-position: 0% -1px; background-repeat: no-repeat no-repeat;\">&nbsp; Tribunais<\/span><\/p>\n<div class=\"links\" style=\"width: 450px; float: left; clear: both; left: 100px; position: relative; color: #000000; font-family: 'Times New Roman'; font-size: medium; line-height: normal;\"><a style=\"float: left; clear: both; font-size: 14px; font-family: Helvetica; color: #777777; padding-left: 15px; margin-top: 10px;\" href=\"http:\/\/www.stf.jus.br\/\" target=\"_blank\" rel=\"noopener\">Supremo Tribunal Federal<\/a><br \/>\n<a style=\"float: left; clear: both; font-size: 14px; font-family: Helvetica; color: #777777; padding-left: 15px; margin-top: 10px;\" href=\"http:\/\/www.tst.jus.br\/\" target=\"_blank\" rel=\"noopener\">Tribunal Superior do Trabalho<\/a><br \/>\n<a style=\"float: left; clear: both; font-size: 14px; font-family: Helvetica; color: #777777; padding-left: 15px; margin-top: 10px;\" href=\"http:\/\/www.stj.gov.br\/portal_stj\/publicacao\/engine.wsp\" target=\"_blank\" rel=\"noopener\">Superior Tribunal de Justi\u00e7a<\/a><br \/>\n<a style=\"float: left; clear: both; font-size: 14px; font-family: Helvetica; color: #777777; padding-left: 15px; margin-top: 10px;\" href=\"http:\/\/www.tse.gov.br\/internet\/index.html\" target=\"_blank\" rel=\"noopener\">Tribunal Superior Eleitoral<\/a><br \/>\n<a style=\"float: left; clear: both; font-size: 14px; font-family: Helvetica; color: #777777; padding-left: 15px; margin-top: 10px;\" href=\"http:\/\/portal.tjpr.jus.br\/web\/guest\" target=\"_blank\" rel=\"noopener\">Tribunal de Justi\u00e7a do Paran\u00e1<\/a><br \/>\n<a style=\"float: left; clear: both; font-size: 14px; font-family: Helvetica; color: #777777; padding-left: 15px; margin-top: 10px;\" href=\"http:\/\/www.trr9.jus.br\/\" target=\"_blank\" rel=\"noopener\">Tribunal Regional do Trabalho do Paran\u00e1 9\u00aa Regi\u00e3o<\/a><br \/>\n<a style=\"float: left; clear: both; font-size: 14px; font-family: Helvetica; color: #777777; padding-left: 15px; margin-top: 10px;\" href=\"http:\/\/www.tre-pr.jus.br\/internet2\/tre\/index.jsp\" target=\"_blank\" rel=\"noopener\">Tribunal Regional Eleitoral do Paran\u00e1<\/a><br \/>\n<a style=\"float: left; clear: both; font-size: 14px; font-family: Helvetica; color: #777777; padding-left: 15px; margin-top: 10px;\" href=\"http:\/\/www.trf4.jus.br\/trf4\/\" target=\"_blank\" rel=\"noopener\">Tribunal Regional Federal da 4\u00aa Regi\u00e3o<\/a><\/div>\n<div class=\"links\" style=\"width: 450px; float: left; clear: both; left: 100px; position: relative; color: #000000; font-family: 'Times New Roman'; font-size: medium; line-height: normal;\">&nbsp;<\/div>\n<div>&nbsp;<\/div>\n<div class=\"links\" style=\"width: 450px; float: left; clear: both; left: 100px; position: relative; color: #000000; font-family: 'Times New Roman'; font-size: medium; line-height: normal;\">&nbsp;<\/div>\n<div>&nbsp;<\/div>\n<p><span class=\"t_categ_link\" style=\"width: 300px; height: 28px; padding-left: 25px; background-image: url('templates\/meembo-blue\/images\/icon-link.jpg'); font-weight: bold; font-size: 14px; line-height: normal; font-family: arial; color: #3f586c; float: left; clear: both; left: 75px; position: relative; margin-top: 0px; background-position: 0% -1px; background-repeat: no-repeat no-repeat;\">&nbsp; OAB &#8211; Ordem dos Advogados do Brasil<\/span><\/p>\n<div class=\"links\" style=\"width: 450px; float: left; clear: both; left: 100px; position: relative; color: #000000; font-family: 'Times New Roman'; font-size: medium; line-height: normal;\"><a style=\"float: left; clear: both; font-size: 14px; font-family: Helvetica; color: #777777; padding-left: 15px; margin-top: 10px;\" href=\"http:\/\/www.oab.org.br\/\" target=\"_blank\" rel=\"noopener\">Ordem dos Advogados do Brasil &#8211; Federal<\/a><br \/>\n<a style=\"float: left; clear: both; font-size: 14px; font-family: Helvetica; color: #777777; padding-left: 15px; margin-top: 10px;\" href=\"https:\/\/www.oabpr.org.br\/\" target=\"_blank\" rel=\"noopener\">Ordem dos Advogados do Brasil &#8211; Se\u00e7\u00e3o Paran\u00e1<\/a><\/div>\n<div class=\"links\" style=\"width: 450px; float: left; clear: both; left: 100px; position: relative; color: #000000; font-family: 'Times New Roman'; font-size: medium; line-height: normal;\">&nbsp;<\/div>\n<div class=\"links\" style=\"width: 450px; float: left; clear: both; left: 100px; position: relative; color: #000000; font-family: 'Times New Roman'; font-size: medium; line-height: normal;\">&nbsp;<\/div>\n<p><span class=\"t_categ_link\" style=\"width: 300px; height: 28px; padding-left: 25px; background-image: url('templates\/meembo-blue\/images\/icon-link.jpg'); font-weight: bold; font-size: 14px; line-height: normal; font-family: arial; color: #3f586c; float: left; clear: both; left: 75px; position: relative; margin-top: 0px; background-position: 0% -1px; background-repeat: no-repeat no-repeat;\">&nbsp; Insituto dos Advogados<\/span><\/p>\n<div class=\"links\" style=\"width: 450px; float: left; clear: both; left: 100px; position: relative; color: #000000; font-family: 'Times New Roman'; font-size: medium; line-height: normal;\"><a style=\"float: left; clear: both; font-size: 14px; font-family: Helvetica; color: #777777; padding-left: 15px; margin-top: 10px;\" href=\"http:\/\/www.iappr.com.br\/\" target=\"_blank\" rel=\"noopener\">Instituto dos Advogados do Paran\u00e1<\/a> <a style=\"float: left; clear: both; font-size: 14px; font-family: Helvetica; color: #777777; padding-left: 15px; margin-top: 10px;\" href=\"http:\/\/www.iabnacional.org.br\/\" target=\"_blank\" rel=\"noopener\">Instituto dos Advogados do Brasil<\/a><\/div>\n","protected":false},"excerpt":{"rendered":"<p>&nbsp; &nbsp; Tribunais Supremo Tribunal Federal Tribunal Superior do Trabalho Superior Tribunal de Justi\u00e7a Tribunal Superior Eleitoral Tribunal de Justi\u00e7a do Paran\u00e1 Tribunal Regional do Trabalho do Paran\u00e1 9\u00aa Regi\u00e3o Tribunal Regional Eleitoral do Paran\u00e1 Tribunal Regional Federal da 4\u00aa Regi\u00e3o &nbsp; &nbsp; &nbsp; &nbsp; &nbsp; OAB &#8211; Ordem dos Advogados do Brasil Ordem dos Advogados do Brasil &#8211; Federal Ordem dos Advogados do Brasil &#8211; Se\u00e7\u00e3o Paran\u00e1 &nbsp; &nbsp;&hellip;<\/p>\n","protected":false},"author":1,"featured_media":0,"parent":0,"menu_order":0,"comment_status":"closed","ping_status":"closed","template":"","meta":{"footnotes":""},"class_list":["post-18","page","type-page","status-publish","hentry"],"_links":{"self":[{"href":"https:\/\/www.pereiraadv.com.br\/index.php\/wp-json\/wp\/v2\/pages\/18","targetHints":{"allow":["GET"]}}],"collection":[{"href":"https:\/\/www.pereiraadv.com.br\/index.php\/wp-json\/wp\/v2\/pages"}],"about":[{"href":"https:\/\/www.pereiraadv.com.br\/index.php\/wp-json\/wp\/v2\/types\/page"}],"author":[{"embeddable":true,"href":"https:\/\/www.pereiraadv.com.br\/index.php\/wp-json\/wp\/v2\/users\/1"}],"replies":[{"embeddable":true,"href":"https:\/\/www.pereiraadv.com.br\/index.php\/wp-json\/wp\/v2\/comments?post=18"}],"version-history":[{"count":7,"href":"https:\/\/www.pereiraadv.com.br\/index.php\/wp-json\/wp\/v2\/pages\/18\/revisions"}],"predecessor-version":[{"id":189,"href":"https:\/\/www.pereiraadv.com.br\/index.php\/wp-json\/wp\/v2\/pages\/18\/revisions\/189"}],"wp:attachment":[{"href":"https:\/\/www.pereiraadv.com.br\/index.php\/wp-json\/wp\/v2\/media?parent=18"}],"curies":[{"name":"wp","href":"https:\/\/api.w.org\/{rel}","templated":true}]}}