{"id":15,"date":"2013-07-18T18:27:46","date_gmt":"2013-07-18T21:27:46","guid":{"rendered":"http:\/\/www.pereiraadv.com.br\/index.php\/area-de-atuacao\/"},"modified":"2021-12-08T19:05:09","modified_gmt":"2021-12-08T22:05:09","slug":"area-de-atuacao","status":"publish","type":"page","link":"https:\/\/www.pereiraadv.com.br\/index.php\/area-de-atuacao\/","title":{"rendered":"\u00c1rea de Atua\u00e7\u00e3o"},"content":{"rendered":"<p><span style=\"line-height: 1.3em;\">&nbsp;<\/span>Atuamos com foco no preventivo, diagnosticando e adequando a documenta\u00e7\u00e3o legal, criando rotinas e procedimentos para as empresas, bem como elaborando ou revisando documentos e pareceres, sempre com o objetivo de evitar eventual contencioso trabalhista. Tamb\u00e9m prestamos atendimento junto a entidades sindicais, Minist\u00e9rio do Trabalho e Emprego e Minist\u00e9rio P\u00fablico do Trabalho.<\/p>\n<p style=\"text-align: justify;\">Ainda, atuamos no contencioso trabalhista \u2013 esferas coletiva, individual, judicial e administrativa \u2013, na elabora\u00e7\u00e3o de pe\u00e7as processuais, na realiza\u00e7\u00e3o de audi\u00eancias e na sustenta\u00e7\u00e3o oral junto a Tribunais Regionais, realizando todo o acompanhamento processual que seja necess\u00e1rio at\u00e9 o deslinde final do processo e arquivamento.<\/p>\n<p>Elaboramos defesas e promovemos o acompanhamento dos clientes junto \u00e0 Procuradoria do Trabalho, al\u00e9m de representar as empresas e atuar em sua defesa junto \u00e0 Delegacia Regional do Trabalho.<\/p>\n<p>O nosso escrit\u00f3rio realiza atendimento diferenciado e presta servi\u00e7o de excel\u00eancia, aliando o preventivo ao contencioso, minimizando a ocorr\u00eancia de poss\u00edveis preju\u00edzos e o surgimento de passivo trabalhista ocasionados por reclama\u00e7\u00f5es judiciais e outras penalidades impostas \u00e0s empresas.<\/p>\n<ul>\n<li><span style=\"line-height: 1.3em;\">Contencioso Trabalhista;<\/span><\/li>\n<li><span style=\"line-height: 1.3em;\">Consultoria e Pareceres;<\/span><\/li>\n<li><span style=\"line-height: 1.3em;\">Assessoria Empresarial;<\/span><\/li>\n<li><span style=\"line-height: 1.3em;\">Assessoria Previdenci\u00e1ria;<\/span><\/li>\n<li><span style=\"line-height: 1.3em;\">Pessoas F\u00edsicas;<\/span><\/li>\n<li><span style=\"line-height: 1.3em;\">Cria\u00e7\u00e3o de rotinas e procedimentos do RH;<\/span><\/li>\n<li><span style=\"line-height: 1.3em;\">Acidente de Trabalho (reintegra\u00e7\u00e3o, indeniza\u00e7\u00e3o e pens\u00e3o);<\/span><\/li>\n<li><span style=\"line-height: 1.3em;\">Danos morais e materiais decorrentes da rela\u00e7\u00e3o de trabalho;<\/span><\/li>\n<li><span style=\"line-height: 1.3em;\">V\u00ednculo de emprego (registro em CTPS e nulidade de falsos contratos de representa\u00e7\u00e3o comercial e empreitada);<\/span><\/li>\n<li><span style=\"line-height: 1.3em;\">Horas extras (Intervalos, Plant\u00f5es, Domingos e Feriados Trabalhados e Trabalho \u00e0 Dist\u00e2ncia);<\/span><\/li>\n<li><span style=\"line-height: 1.3em;\">Adicional de transfer\u00eancia;<\/span><\/li>\n<li><span style=\"line-height: 1.3em;\">Reconhecimento de sal\u00e1rio &#8220;por fora&#8221; (Integra\u00e7\u00f5es salariais);<\/span><\/li>\n<li><span style=\"line-height: 1.3em;\">Ac\u00famulo e desvio de fun\u00e7\u00e3o;<\/span><\/li>\n<li><span style=\"line-height: 1.3em;\">Estabilidade CIPA;<\/span><\/li>\n<li><span style=\"line-height: 1.3em;\">Revers\u00e3o de Justa Causa;<\/span><\/li>\n<li><span style=\"line-height: 1.3em;\">Defesas Trabalhistas.<\/span><\/li>\n<\/ul>\n","protected":false},"excerpt":{"rendered":"<p><span style=\"line-height: 1.3em;\">\u00a0<\/span><\/p>\n<h1><span style=\"line-height: 1.3em;\">\u00c1rea de Atua\u00e7\u00e3o<\/span><\/h1>\n<hr \/>\n<h1>\u00a0<\/h1>\n<p style=\"text-align: justify;\">Atuamos com foco no preventivo, diagnosticando e adequando a documenta\u00e7\u00e3o legal, criando rotinas e procedimentos para as empresas, bem como elaborando ou revisando documentos e pareceres, sempre com o objetivo de evitar eventual contencioso trabalhista. Tamb\u00e9m prestamos atendimento junto a entidades sindicais, Minist\u00e9rio do Trabalho e Emprego e Minist\u00e9rio P\u00fablico do Trabalho.<\/p>\n","protected":false},"author":1,"featured_media":0,"parent":0,"menu_order":4,"comment_status":"closed","ping_status":"closed","template":"","meta":{"footnotes":""},"class_list":["post-15","page","type-page","status-publish","hentry"],"_links":{"self":[{"href":"https:\/\/www.pereiraadv.com.br\/index.php\/wp-json\/wp\/v2\/pages\/15","targetHints":{"allow":["GET"]}}],"collection":[{"href":"https:\/\/www.pereiraadv.com.br\/index.php\/wp-json\/wp\/v2\/pages"}],"about":[{"href":"https:\/\/www.pereiraadv.com.br\/index.php\/wp-json\/wp\/v2\/types\/page"}],"author":[{"embeddable":true,"href":"https:\/\/www.pereiraadv.com.br\/index.php\/wp-json\/wp\/v2\/users\/1"}],"replies":[{"embeddable":true,"href":"https:\/\/www.pereiraadv.com.br\/index.php\/wp-json\/wp\/v2\/comments?post=15"}],"version-history":[{"count":3,"href":"https:\/\/www.pereiraadv.com.br\/index.php\/wp-json\/wp\/v2\/pages\/15\/revisions"}],"predecessor-version":[{"id":193,"href":"https:\/\/www.pereiraadv.com.br\/index.php\/wp-json\/wp\/v2\/pages\/15\/revisions\/193"}],"wp:attachment":[{"href":"https:\/\/www.pereiraadv.com.br\/index.php\/wp-json\/wp\/v2\/media?parent=15"}],"curies":[{"name":"wp","href":"https:\/\/api.w.org\/{rel}","templated":true}]}}