{"id":148,"date":"2021-08-31T17:29:38","date_gmt":"2021-08-31T20:29:38","guid":{"rendered":"https:\/\/www.pereiraadv.com.br\/?page_id=148"},"modified":"2021-08-31T17:44:52","modified_gmt":"2021-08-31T20:44:52","slug":"politica_de_cookies","status":"publish","type":"page","link":"https:\/\/www.pereiraadv.com.br\/index.php\/politica_de_cookies\/","title":{"rendered":"Pol\u00edtica de Privacidade"},"content":{"rendered":"\n<p>Ultima atualiza\u00e7\u00e3o em 31-Aug-2021<\/p>\n\n\n\n<p>Esta Pol\u00edtica de Cookies descreve as pol\u00edticas da PAULO ROBERTOPEREIRA &amp; ADVOGADOS ASSOCIADOS, Av. Sete de Setembro, 4848 | 8\u00ba andar | Curitiba | Paran\u00e1 | e-mail: webmaster@pereiraadv.com.br, telefone: +5541 3342-1243 sobre o uso de Cookies que coletamos quando voc\u00ea acessa nosso site (https:\/\/www.pereiraadv.com.br). <\/p>\n\n\n\n<h5 class=\"wp-block-heading\">O que s\u00e3o cookies?<\/h5>\n\n\n\n<p>Esta Pol\u00edtica de Cookies explica o que s\u00e3o cookies e como os usamos, os tipos de cookies que usamos, ou seja, as informa\u00e7\u00f5es que coletamos usando cookies e como essas informa\u00e7\u00f5es s\u00e3o usadas e como gerenciar as configura\u00e7\u00f5es de cookies.<\/p>\n\n\n\n<p>Cookies s\u00e3o pequenos arquivos de texto usados para armazenar pequenas informa\u00e7\u00f5es. Eles s\u00e3o armazenados em seu dispositivo quando o site \u00e9 carregado em seu navegador. Esses cookies nos ajudam a fazer o site funcionar corretamente, torn\u00e1-lo mais seguro, fornecer uma melhor experi\u00eancia do usu\u00e1rio e entender como o site funciona e analisar o que funciona e onde precisa ser melhorado.<\/p>\n\n\n\n<h5 class=\"wp-block-heading\">Como usamos cookies?<\/h5>\n\n\n\n<p>Como a maioria dos servi\u00e7os online, nosso site usa cookies prim\u00e1rios e de terceiros para diversos fins. Os cookies prim\u00e1rios s\u00e3o principalmente necess\u00e1rios para o funcionamento correto do site e n\u00e3o coletam nenhum de seus dados de identifica\u00e7\u00e3o pessoal.<\/p>\n\n\n\n<p>Os cookies de terceiros usados em nosso site s\u00e3o principalmente para entender como o site funciona, como voc\u00ea interage com nosso site, mantendo nossos servi\u00e7os seguros, fornecendo an\u00fancios que s\u00e3o relevantes para voc\u00ea e, em suma, proporcionando-lhe um usu\u00e1rio melhor e melhor experi\u00eancia e ajudar a acelerar suas futuras intera\u00e7\u00f5es com nosso site.<\/p>\n\n\n\n<h5 class=\"wp-block-heading\"><a>Cookie Settings<\/a><\/h5>\n\n\n\n<h5 class=\"has-normal-font-size wp-block-heading\">V<strong>oc\u00ea pode alterar suas prefer\u00eancias de cookies a qualquer momento clicando no bot\u00e3o acima. Isso permitir\u00e1 que voc\u00ea revisite o banner de consentimento do cookie e altere suas prefer\u00eancias ou retire seu consentimento imediatamente.<\/strong><\/h5>\n\n\n\n<p>Al\u00e9m disso, diferentes navegadores fornecem m\u00e9todos diferentes para bloquear e excluir cookies usados por sites. Voc\u00ea pode alterar as configura\u00e7\u00f5es do seu navegador para bloquear \/ excluir os cookies. Listados abaixo est\u00e3o os links para os documentos de suporte sobre como gerenciar e excluir cookies dos principais navegadores da web.<\/p>\n\n\n\n<p>Chrome:&nbsp;<a href=\"https:\/\/support.google.com\/accounts\/answer\/32050\" target=\"_blank\" rel=\"noreferrer noopener\">https:\/\/support.google.com\/accounts\/answer\/32050<\/a><\/p>\n\n\n\n<p>Safari:&nbsp;<a href=\"https:\/\/support.apple.com\/en-in\/guide\/safari\/sfri11471\/mac\" target=\"_blank\" rel=\"noreferrer noopener\">https:\/\/support.apple.com\/en-in\/guide\/safari\/sfri11471\/mac<\/a><\/p>\n\n\n\n<p>Firefox:&nbsp;<a href=\"https:\/\/support.mozilla.org\/en-US\/kb\/clear-cookies-and-site-data-firefox?redirectslug=delete-cookies-remove-info-websites-stored&amp;redirectlocale=en-US\" target=\"_blank\" rel=\"noreferrer noopener\">https:\/\/support.mozilla.org\/en-US\/kb\/clear-cookies-and-site-data-firefox?redirectslug=delete-cookies-remove-info-websites-stored&amp;redirectlocale=en-US<\/a><\/p>\n\n\n\n<p>Internet Explorer:&nbsp;<a href=\"https:\/\/support.microsoft.com\/en-us\/topic\/how-to-delete-cookie-files-in-internet-explorer-bca9446f-d873-78de-77ba-d42645fa52fc\" target=\"_blank\" rel=\"noreferrer noopener\">https:\/\/support.microsoft.com\/en-us\/topic\/how-to-delete-cookie-files-in-internet-explorer-bca9446f-d873-78de-77ba-d42645fa52fc<\/a><\/p>\n\n\n\n<p>Se voc\u00ea estiver usando qualquer outro navegador da web, visite os documentos oficiais de suporte do seu navegador.<\/p>\n\n\n\n<p><\/p>\n","protected":false},"excerpt":{"rendered":"<p>Ultima atualiza\u00e7\u00e3o em 31-Aug-2021 Esta Pol\u00edtica de Cookies descreve as pol\u00edticas da PAULO ROBERTOPEREIRA &amp; ADVOGADOS ASSOCIADOS, Av. Sete de Setembro, 4848 | 8\u00ba andar | Curitiba | Paran\u00e1 | e-mail: webmaster@pereiraadv.com.br, telefone: +5541 3342-1243 sobre o uso de Cookies que coletamos quando voc\u00ea acessa nosso site (https:\/\/www.pereiraadv.com.br). O que s\u00e3o cookies? Esta Pol\u00edtica de Cookies explica o que s\u00e3o cookies e como os usamos, os tipos de cookies que&hellip;<\/p>\n","protected":false},"author":1,"featured_media":0,"parent":0,"menu_order":0,"comment_status":"closed","ping_status":"closed","template":"","meta":{"footnotes":""},"class_list":["post-148","page","type-page","status-publish","hentry"],"_links":{"self":[{"href":"https:\/\/www.pereiraadv.com.br\/index.php\/wp-json\/wp\/v2\/pages\/148","targetHints":{"allow":["GET"]}}],"collection":[{"href":"https:\/\/www.pereiraadv.com.br\/index.php\/wp-json\/wp\/v2\/pages"}],"about":[{"href":"https:\/\/www.pereiraadv.com.br\/index.php\/wp-json\/wp\/v2\/types\/page"}],"author":[{"embeddable":true,"href":"https:\/\/www.pereiraadv.com.br\/index.php\/wp-json\/wp\/v2\/users\/1"}],"replies":[{"embeddable":true,"href":"https:\/\/www.pereiraadv.com.br\/index.php\/wp-json\/wp\/v2\/comments?post=148"}],"version-history":[{"count":7,"href":"https:\/\/www.pereiraadv.com.br\/index.php\/wp-json\/wp\/v2\/pages\/148\/revisions"}],"predecessor-version":[{"id":161,"href":"https:\/\/www.pereiraadv.com.br\/index.php\/wp-json\/wp\/v2\/pages\/148\/revisions\/161"}],"wp:attachment":[{"href":"https:\/\/www.pereiraadv.com.br\/index.php\/wp-json\/wp\/v2\/media?parent=148"}],"curies":[{"name":"wp","href":"https:\/\/api.w.org\/{rel}","templated":true}]}}