{"id":14,"date":"2013-07-15T20:05:41","date_gmt":"2013-07-15T23:05:41","guid":{"rendered":"http:\/\/www.pereiraadv.com.br\/index.php\/os-advogados\/"},"modified":"2021-09-02T16:49:15","modified_gmt":"2021-09-02T19:49:15","slug":"os-advogados","status":"publish","type":"page","link":"https:\/\/www.pereiraadv.com.br\/index.php\/os-advogados\/","title":{"rendered":"Os Advogados"},"content":{"rendered":"\n<h1 class=\"wp-block-heading\"><\/h1>\n\n\n\n<hr class=\"wp-block-separator\"\/>\n\n\n\n<p>Os profissionais que integram o escrit\u00f3rio t\u00eam forma\u00e7\u00e3o de especialistas e contam com experi\u00eancia no exerc\u00edcio da advocacia, ainda participam constantemente de encontros e semin\u00e1rios, sempre objetivando o posicionamento jur\u00eddico de vanguarda e a constante atualiza\u00e7\u00e3o que cada ramo necessita.<\/p>\n\n\n\n<p>Ressalta-se, finalmente, que e o staff do escrit\u00f3rio \u00e9 composto, ainda, por estagi\u00e1rios, administrativo e colaboradores na \u00e1rea de per\u00edcias em geral.<\/p>\n\n\n\n<p>A seguir trazemos suas qualifica\u00e7\u00f5es:<\/p>\n\n\n\n<figure class=\"wp-block-table is-style-stripes\"><table><tbody><tr><td><img loading=\"lazy\" decoding=\"async\" class=\"alignnone size-full wp-image-97\" src=\"https:\/\/www.pereiraadv.com.br\/wp-content\/uploads\/2021\/08\/paulo.jpg\" alt=\"\" width=\"181\" height=\"267\"><\/td><td><strong style=\"line-height: 1.3em; color: #666666; font-family: Helvetica, Arial, sans-serif; font-size: 16px;\">PAULO ROBERTO PEREIRA<\/strong> <br>E-mail: paulo@pereiraadv.com.br<ul> <li><span style=\"line-height: 1.3em;\">Advogado, bacharel formado pela Universidade Estadual de Londrina\/Pr, em 1990;&nbsp;<\/span><\/li> <li><span style=\"line-height: 1.3em;\">especialista em Direito do Trabalho e Processual do Trabalho pelo IPEJ, pela Associa\u00e7\u00e3o dos Magistrados da Justi\u00e7a do Trabalho-AMATRA e pela Faculdade de Direito de Curitiba;<\/span><\/li> <li><span style=\"line-height: 1.3em;\">especialista em Direito Processual Civil tamb\u00e9m pela Faculdade de Direito de Curitiba;<\/span><\/li> <li><span style=\"line-height: 1.3em;\">exerceu a fun\u00e7\u00e3o de Conselheiro da Subse\u00e7\u00e3o de Curitiba e Regi\u00e3o Metropolitana, da Se\u00e7\u00e3o do estado do Paran\u00e1, da Ordem dos Advogados do Brasil;<\/span><\/li> <li><span style=\"line-height: 1.3em;\">atualmente, exerce exclusivamente a fun\u00e7\u00e3o de advogado, tendo exercido, por quatro anos, a fun\u00e7\u00e3o de assessor de Juiz do Tribunal Regional do Trabalho\/PR (9\u00aa Regi\u00e3o \u2013 Curitiba).<\/span> <\/li><\/ul><\/td><\/tr><tr><td><img loading=\"lazy\" decoding=\"async\" class=\"alignnone size-full wp-image-98\" src=\"https:\/\/www.pereiraadv.com.br\/wp-content\/uploads\/2021\/08\/vanessa.jpg\" alt=\"\" width=\"181\" height=\"264\"><\/td><td><strong style=\"line-height: 1.3em; color: #666666; font-family: Helvetica, Arial, sans-serif; font-size: 16px;\">VANESSA GROGER<\/strong><p><span style=\"line-height: 1.3em;\">E-mail:&nbsp;vanessa@pereiraadv.com.br<\/span><\/p><ul>  <li><span style=\"line-height: 1.3em;\">Advogada, bacharel formada pela Pontif\u00edcia Universidade Cat\u00f3lica do Paran\u00e1, PUC\/PR;<\/span><\/li> <li><span style=\"line-height: 1.3em;\">especialista em Direito do Trabalho pela Academia Paranaense de Estudos Jur\u00eddicos, APEJ;<\/span><\/li> <li><span style=\"line-height: 1.3em;\">especialista em Direito Processual Civil pelo Instituo de Direito Romeu Felipe Bacellar;<\/span><\/li> <li><span style=\"line-height: 1.3em;\">atualmente tamb\u00e9m exerce a fun\u00e7\u00e3o de professora da OPET \u2013 Organiza\u00e7\u00e3o Paranaense de Ensino.<\/span><\/li><\/ul><\/td><\/tr><tr><td>&nbsp;<\/td><td>&nbsp;<\/td><\/tr><\/tbody><\/table><\/figure>\n\n\n\n<p><object id=\"ab6bf81a-c84b-a2af-b8ab-b896fab7b097\" type=\"application\/gas-events-bb\" width=\"0\" height=\"0\"><\/object><\/p>\n","protected":false},"excerpt":{"rendered":"<h1>\u00a0<\/h1>\n<h1>Os Advogados<\/h1>\n<hr \/>\n<h1>\u00a0<\/h1>\n<p>Os profissionais que integram o escrit\u00f3rio t\u00eam forma\u00e7\u00e3o de especialistas e contam com experi\u00eancia no exerc\u00edcio da advocacia, ainda participam constantemente de encontros e semin\u00e1rios, sempre objetivando o posicionamento jur\u00eddico de vanguarda e a constante atualiza\u00e7\u00e3o que cada ramo necessita.<\/p>\n","protected":false},"author":1,"featured_media":0,"parent":0,"menu_order":3,"comment_status":"closed","ping_status":"closed","template":"","meta":{"footnotes":""},"class_list":["post-14","page","type-page","status-publish","hentry"],"_links":{"self":[{"href":"https:\/\/www.pereiraadv.com.br\/index.php\/wp-json\/wp\/v2\/pages\/14","targetHints":{"allow":["GET"]}}],"collection":[{"href":"https:\/\/www.pereiraadv.com.br\/index.php\/wp-json\/wp\/v2\/pages"}],"about":[{"href":"https:\/\/www.pereiraadv.com.br\/index.php\/wp-json\/wp\/v2\/types\/page"}],"author":[{"embeddable":true,"href":"https:\/\/www.pereiraadv.com.br\/index.php\/wp-json\/wp\/v2\/users\/1"}],"replies":[{"embeddable":true,"href":"https:\/\/www.pereiraadv.com.br\/index.php\/wp-json\/wp\/v2\/comments?post=14"}],"version-history":[{"count":6,"href":"https:\/\/www.pereiraadv.com.br\/index.php\/wp-json\/wp\/v2\/pages\/14\/revisions"}],"predecessor-version":[{"id":176,"href":"https:\/\/www.pereiraadv.com.br\/index.php\/wp-json\/wp\/v2\/pages\/14\/revisions\/176"}],"wp:attachment":[{"href":"https:\/\/www.pereiraadv.com.br\/index.php\/wp-json\/wp\/v2\/media?parent=14"}],"curies":[{"name":"wp","href":"https:\/\/api.w.org\/{rel}","templated":true}]}}