{"id":13,"date":"2013-07-15T18:22:05","date_gmt":"2013-07-15T21:22:05","guid":{"rendered":"http:\/\/www.pereiraadv.com.br\/index.php\/o-escritorio\/"},"modified":"2024-09-06T10:14:52","modified_gmt":"2024-09-06T13:14:52","slug":"o-escritorio","status":"publish","type":"page","link":"https:\/\/www.pereiraadv.com.br\/","title":{"rendered":"O Escrit\u00f3rio"},"content":{"rendered":"<h1><\/h1>\n<p style=\"text-align: justify;\">Nosso escrit\u00f3rio \u00e9 uma sociedade fundamentalmente voltada ao atendimento empresarial, atrav\u00e9s de consultoria \u2013 advocacia preventiva \u2013, e ao atendimento do contencioso judicial e administrativo relacionados ao direito do trabalho.<\/p>\n<p style=\"text-align: justify;\"><img loading=\"lazy\" decoding=\"async\" class=\"size-medium wp-image-30 alignleft\" src=\"https:\/\/www.pereiraadv.com.br\/wp-content\/uploads\/2021\/08\/escritorio-paulo-pereira-adv-1-203x300.jpg\" alt=\"\" width=\"203\" height=\"300\" srcset=\"https:\/\/www.pereiraadv.com.br\/wp-content\/uploads\/2021\/08\/escritorio-paulo-pereira-adv-1-203x300.jpg 203w, https:\/\/www.pereiraadv.com.br\/wp-content\/uploads\/2021\/08\/escritorio-paulo-pereira-adv-1.jpg 329w\" sizes=\"auto, (max-width: 203px) 100vw, 203px\" \/><\/p>\n<p style=\"text-align: justify;\"><span style=\"line-height: 1.3em;\">A equipe \u00e9 formada por especialistas com vasta experi\u00eancia no exerc\u00edcio da advocacia. Os profissionais participam constantemente de encontros e semin\u00e1rios, sempre objetivando permanente atualiza\u00e7\u00e3o e posicionamento jur\u00eddico de vanguarda.<\/span><\/p>\n<p><img loading=\"lazy\" decoding=\"async\" class=\"size-medium wp-image-31 alignright\" src=\"https:\/\/www.pereiraadv.com.br\/wp-content\/uploads\/2021\/08\/escritorio-paulo-pereira-adv-3-300x180.jpg\" alt=\"\" width=\"300\" height=\"180\" srcset=\"https:\/\/www.pereiraadv.com.br\/wp-content\/uploads\/2021\/08\/escritorio-paulo-pereira-adv-3-300x180.jpg 300w, https:\/\/www.pereiraadv.com.br\/wp-content\/uploads\/2021\/08\/escritorio-paulo-pereira-adv-3.jpg 732w\" sizes=\"auto, (max-width: 300px) 100vw, 300px\" \/><\/p>\n<p style=\"text-align: justify;\"><span style=\"line-height: 1.3em;\">O desenvolvimento de nosso trabalho apoia-se na \u00e9tica, transpar\u00eancia e responsabilidade, aliadas a ferramentas de controle confi\u00e1veis.<br \/>\n<\/span><\/p>\n<p style=\"text-align: justify;\"><span style=\"line-height: 1.3em;\">\u00a0<\/span><\/p>\n<p style=\"text-align: justify;\">\n","protected":false},"excerpt":{"rendered":"<h1><span style=\"font-size: 22px;\">\u00a0<\/span><\/h1>\n<h1><span style=\"font-size: 22px;\">O Escrit\u00f3rio<\/span><\/h1>\n<hr \/>\n<h1>\u00a0<\/h1>\n<p style=\"text-align: justify;\">Nosso escrit\u00f3rio \u00e9 uma sociedade fundamentalmente voltada ao atendimento empresarial, atrav\u00e9s de consultoria \u2013 advocacia preventiva \u2013, e ao atendimento do contencioso judicial e administrativo relacionados ao direito do trabalho.<\/p>\n","protected":false},"author":1,"featured_media":0,"parent":0,"menu_order":6,"comment_status":"closed","ping_status":"closed","template":"","meta":{"footnotes":""},"class_list":["post-13","page","type-page","status-publish","hentry"],"_links":{"self":[{"href":"https:\/\/www.pereiraadv.com.br\/index.php\/wp-json\/wp\/v2\/pages\/13","targetHints":{"allow":["GET"]}}],"collection":[{"href":"https:\/\/www.pereiraadv.com.br\/index.php\/wp-json\/wp\/v2\/pages"}],"about":[{"href":"https:\/\/www.pereiraadv.com.br\/index.php\/wp-json\/wp\/v2\/types\/page"}],"author":[{"embeddable":true,"href":"https:\/\/www.pereiraadv.com.br\/index.php\/wp-json\/wp\/v2\/users\/1"}],"replies":[{"embeddable":true,"href":"https:\/\/www.pereiraadv.com.br\/index.php\/wp-json\/wp\/v2\/comments?post=13"}],"version-history":[{"count":7,"href":"https:\/\/www.pereiraadv.com.br\/index.php\/wp-json\/wp\/v2\/pages\/13\/revisions"}],"predecessor-version":[{"id":197,"href":"https:\/\/www.pereiraadv.com.br\/index.php\/wp-json\/wp\/v2\/pages\/13\/revisions\/197"}],"wp:attachment":[{"href":"https:\/\/www.pereiraadv.com.br\/index.php\/wp-json\/wp\/v2\/media?parent=13"}],"curies":[{"name":"wp","href":"https:\/\/api.w.org\/{rel}","templated":true}]}}